{"id":1656,"date":"2022-06-17T10:37:45","date_gmt":"2022-06-17T10:37:45","guid":{"rendered":"https:\/\/monsterplay.nkdev.info\/main\/?page_id=2"},"modified":"2024-04-11T17:10:32","modified_gmt":"2024-04-11T15:10:32","slug":"qas","status":"publish","type":"page","link":"https:\/\/nebula-prods.com\/website\/qas\/","title":{"rendered":"Notre syst\u00e8me de sabre laser \u00ab\u00a0QaS\u00a0\u00bb"},"content":{"rendered":"\n<div class=\"wp-block-group is-style-default has-medium-font-size\"><div class=\"wp-block-group__inner-container is-layout-constrained wp-block-group-is-layout-constrained\">\n<h2 class=\"wp-block-heading has-text-align-center is-style-mpl-display ghostkit-custom-mP8Kt has-x-large-font-size\" id=\"notre-systeme-de-sabre-laser-qas\"><strong>Notre syst\u00e8me de sabre laser \u00ab\u00a0QaS\u00a0\u00bb<\/strong><\/h2>\n<\/div><\/div>\n\n\n\n<p class=\"has-text-align-center\">(Quantum advanced saber)<\/p>\n\n\n\n<hr class=\"wp-block-separator has-alpha-channel-opacity is-style-dots ghostkit-custom-24Kgre\"\/>\n\n\n\n<div class=\"wp-block-nk-awb nk-awb ghostkit-custom-158WjH is-layout-flow wp-block-nk-awb-is-layout-flow\"><div class=\"nk-awb-wrap\" data-awb-type=\"image\" data-awb-parallax=\"scroll\" data-awb-parallax-speed=\"0.5\" data-awb-parallax-mobile=\"false\" data-awb-image-background-size=\"cover\" data-awb-image-background-position=\"51% 66%\"><div class=\"nk-awb-inner\" style=\"opacity: 0.43;\"><img loading=\"lazy\" decoding=\"async\" src=\"https:\/\/nebula-prods.com\/website\/wp-content\/uploads\/2022\/09\/screen_6.png\" class=\"wp-image-1769 jarallax-img\" width=\"1245\" height=\"700\" srcset=\"https:\/\/nebula-prods.com\/website\/wp-content\/uploads\/2022\/09\/screen_6.png 1245w, https:\/\/nebula-prods.com\/website\/wp-content\/uploads\/2022\/09\/screen_6-300x169.png 300w, https:\/\/nebula-prods.com\/website\/wp-content\/uploads\/2022\/09\/screen_6-1024x576.png 1024w, https:\/\/nebula-prods.com\/website\/wp-content\/uploads\/2022\/09\/screen_6-768x432.png 768w, https:\/\/nebula-prods.com\/website\/wp-content\/uploads\/2022\/09\/screen_6-500x281.png 500w, https:\/\/nebula-prods.com\/website\/wp-content\/uploads\/2022\/09\/screen_6-800x450.png 800w, https:\/\/nebula-prods.com\/website\/wp-content\/uploads\/2022\/09\/screen_6-600x337.png 600w, https:\/\/nebula-prods.com\/website\/wp-content\/uploads\/2022\/09\/screen_6-48x27.png 48w, https:\/\/nebula-prods.com\/website\/wp-content\/uploads\/2022\/09\/screen_6-770x433.png 770w\" sizes=\"auto, (max-width: 1245px) 100vw, 1245px\" \/><\/div><\/div><div class=\"nk-awb-wrap-content\"><\/div><\/div>\n\n\n\n<div class=\"wp-block-group is-style-default ghostkit-custom-Z2eshJw\"><div class=\"wp-block-group__inner-container is-layout-constrained wp-block-group-is-layout-constrained\">\n<h2 class=\"wp-block-heading has-text-align-center is-style-numbered has-medium-font-size\" id=\"quelques-informations-avant-de-commence\"><strong>Quelques informations avant de commenc\u00e9<\/strong><\/h2>\n\n\n\n<p class=\"has-text-align-center\">-Avant tout dans n&rsquo;importe quelle salle d&rsquo;entrainement vous pouvez retrouver un mannequin , !mannequin_stat si vous voulez afficher vos statistiques \u00e0 cot\u00e9 du mannequin.<br>-Ensuite merci de prendre en compte que le mannequin n&rsquo;est pas relatif \u00e0 la hitbox du joueurs , vous toucherez en r\u00e8gle g\u00e9n\u00e9ral , bien mieux un joueur mais le mannequin peu vous donnez des indictions certaines sur la puissance des frappes.<br>-Notre syst\u00e8me de sabre \u00ab\u00a0QaS\u00a0\u00bb propose des touches bien plus complexe, pr\u00e9cis et optimis\u00e9 que propose d&rsquo;autres projets.<br><\/p>\n\n\n\n<h2 class=\"wp-block-heading has-text-align-center is-style-numbered has-medium-font-size\" id=\"quelques-informations-avant-de-commence\"><strong>Comment fonctionne le syst\u00e8me ?<\/strong><\/h2>\n\n\n\n<p class=\"has-text-align-center\">-Plus votre sabre laser touchera la cible plus il prendra de \u00ab\u00a0Tick\u00a0\u00bb de d\u00e9gats<\/p>\n\n\n\n<p class=\"has-text-align-center\">-Chaque coup peu avoir un multiplicateur de d\u00e9g\u00e2ts ( sup\u00e9rieur ou inf\u00e9rieur \u00e0 1 ) ce qui signifie que votre coup Gauche peu faire 10% ( par exemple ) de d\u00e9gats que le droit ou autres&#8230; , cela nous permet d&rsquo;\u00e9quilibrer les formes du mieux possible.<br><br>-Votre coup sp\u00e9cial plus vous le charg\u00e9 , plus celui ci fera de d\u00e9gats ( a une certaines limites evidemment )<\/p>\n<\/div><\/div>\n\n\n\n<ul class=\"wp-block-list\">\n<li><\/li>\n<\/ul>\n\n\n\n<h2 class=\"wp-block-heading has-text-align-center\" id=\"en-cours-d-ecriture\">En cours d&rsquo;\u00e9criture&#8230;.<\/h2>\n","protected":false},"excerpt":{"rendered":"<p>Notre syst\u00e8me de sabre laser \u00ab\u00a0QaS\u00a0\u00bb (Quantum advanced saber) Quelques informations avant de commenc\u00e9 -Avant tout dans n&rsquo;importe quelle salle d&rsquo;entrainement vous pouvez retrouver un mannequin , !mannequin_stat si vous voulez afficher vos statistiques \u00e0 cot\u00e9 du mannequin.-Ensuite merci de prendre en compte que le mannequin n&rsquo;est pas relatif \u00e0 la hitbox du joueurs ,&#8230;<\/p>\n","protected":false},"author":1,"featured_media":0,"parent":0,"menu_order":0,"comment_status":"closed","ping_status":"closed","template":"","meta":{"ghostkit_customizer_options":"","ghostkit_custom_css":"","ghostkit_custom_js_head":"","ghostkit_custom_js_foot":"","ghostkit_typography":"","_vp_format_video_url":"","_vp_image_focal_point":[],"_mpl_content_size":"full","_mpl_sidebar":"no","_mpl_disabled_page_elements":["title"],"_mpl_disabled_page_margins":["top","bottom"],"footnotes":""},"class_list":["post-1656","page","type-page","status-publish","hentry"],"_links":{"self":[{"href":"https:\/\/nebula-prods.com\/website\/wp-json\/wp\/v2\/pages\/1656","targetHints":{"allow":["GET"]}}],"collection":[{"href":"https:\/\/nebula-prods.com\/website\/wp-json\/wp\/v2\/pages"}],"about":[{"href":"https:\/\/nebula-prods.com\/website\/wp-json\/wp\/v2\/types\/page"}],"author":[{"embeddable":true,"href":"https:\/\/nebula-prods.com\/website\/wp-json\/wp\/v2\/users\/1"}],"replies":[{"embeddable":true,"href":"https:\/\/nebula-prods.com\/website\/wp-json\/wp\/v2\/comments?post=1656"}],"version-history":[{"count":20,"href":"https:\/\/nebula-prods.com\/website\/wp-json\/wp\/v2\/pages\/1656\/revisions"}],"predecessor-version":[{"id":1934,"href":"https:\/\/nebula-prods.com\/website\/wp-json\/wp\/v2\/pages\/1656\/revisions\/1934"}],"wp:attachment":[{"href":"https:\/\/nebula-prods.com\/website\/wp-json\/wp\/v2\/media?parent=1656"}],"curies":[{"name":"wp","href":"https:\/\/api.w.org\/{rel}","templated":true}]}}